{"id":7625,"date":"2024-11-06T15:44:25","date_gmt":"2024-11-06T07:44:25","guid":{"rendered":"https:\/\/www.pogopin-probe.com\/politica-de-privacidad\/"},"modified":"2025-02-23T01:04:26","modified_gmt":"2025-02-22T17:04:26","slug":"politica-de-privacidad","status":"publish","type":"page","link":"https:\/\/www.pogopin-probe.com\/es\/politica-de-privacidad\/","title":{"rendered":"pol\u00edtica de privacidad"},"content":{"rendered":"\n<p><strong>Xurui Precision<\/strong> se compromete a proteger la privacidad de los usuarios de nuestro sitio web. Esta Pol\u00edtica de privacidad explica c\u00f3mo recopilamos, usamos, divulgamos y salvaguardamos su informaci\u00f3n cuando visita nuestro sitio web, <strong><a href=\"https:\/\/www.pogopin-probe.com\/es\/\">https:\/\/www.pogopin-probe.com<\/a><\/strong> . Lea atentamente esta pol\u00edtica para comprender nuestras opiniones y pr\u00e1cticas con respecto a sus datos personales y c\u00f3mo los trataremos.  <\/p>\n\n<p>Al utilizar nuestro Sitio, usted acepta las pr\u00e1cticas descritas en esta Pol\u00edtica de privacidad.<\/p>\n\n<h3 class=\"wp-block-heading\">1. Informaci\u00f3n que recopilamos<\/h3>\n\n<p>Podemos recopilar y procesar los siguientes tipos de datos personales:<\/p>\n\n<h4 class=\"wp-block-heading\">1.1 Informaci\u00f3n personal que usted nos proporciona<\/h4>\n\n<ul class=\"wp-block-list\">\n<li><strong>Informaci\u00f3n de contacto:<\/strong> cuando completa formularios en nuestro Sitio, se comunica con nosotros por correo electr\u00f3nico o se suscribe a nuestros boletines, podemos recopilar informaci\u00f3n como su nombre, direcci\u00f3n de correo electr\u00f3nico, n\u00famero de tel\u00e9fono, nombre de la empresa y cualquier otra informaci\u00f3n que elija proporcionar.<\/li>\n<\/ul>\n\n<h4 class=\"wp-block-heading\">1.2 Informaci\u00f3n recopilada autom\u00e1ticamente<\/h4>\n\n<ul class=\"wp-block-list\">\n<li><strong>Datos de uso:<\/strong> Recopilamos autom\u00e1ticamente cierta informaci\u00f3n sobre su dispositivo, sus acciones y patrones de navegaci\u00f3n. Esto puede incluir detalles de sus visitas a nuestro Sitio, como direcci\u00f3n IP, tipo de navegador, p\u00e1ginas de referencia\/salida, sistema operativo, marcas de fecha\/hora y datos de seguimiento de clics. <\/li>\n\n\n\n<li><strong>Cookies y tecnolog\u00edas similares:<\/strong> podemos utilizar cookies y tecnolog\u00edas de seguimiento similares para mejorar su experiencia, realizar un seguimiento de la participaci\u00f3n del usuario y analizar los datos de uso. Puede ajustar la configuraci\u00f3n de su navegador para rechazar las cookies, pero esto puede afectar su experiencia en nuestro Sitio. <\/li>\n<\/ul>\n\n<h3 class=\"wp-block-heading\">2. C\u00f3mo utilizamos su informaci\u00f3n<\/h3>\n\n<p>Podemos utilizar la informaci\u00f3n que recopilamos para los siguientes fines:<\/p>\n\n<ul class=\"wp-block-list\">\n<li><strong>Para operar y mantener nuestro sitio:<\/strong> garantizar que el contenido se presente de la manera m\u00e1s efectiva.<\/li>\n\n\n\n<li><strong>Para comunicarnos con usted:<\/strong> Responder a sus consultas, solicitudes o comentarios.<\/li>\n\n\n\n<li><strong>Para mejorar nuestros servicios:<\/strong> analizar tendencias y realizar un seguimiento de la participaci\u00f3n de los usuarios para mejorar nuestros productos y servicios.<\/li>\n\n\n\n<li><strong>Para fines de marketing:<\/strong> enviar materiales promocionales, actualizaciones u otras comunicaciones que creemos que pueden ser de su inter\u00e9s, sujeto a su consentimiento cuando lo requiera la ley.<\/li>\n\n\n\n<li><strong>Para cumplimiento legal:<\/strong> Cumplir con las obligaciones legales y responder a cualquier proceso legal o solicitud gubernamental.<\/li>\n<\/ul>\n\n<h3 class=\"wp-block-heading\">3. Divulgaci\u00f3n de su informaci\u00f3n<\/h3>\n\n<p>Podemos compartir su informaci\u00f3n personal con:<\/p>\n\n<ul class=\"wp-block-list\">\n<li><strong>Proveedores de servicios:<\/strong> proveedores externos, consultores y otros proveedores de servicios que realizan servicios en nuestro nombre, como alojamiento, an\u00e1lisis de datos, procesamiento de pagos y entrega de correo electr\u00f3nico.<\/li>\n\n\n\n<li><strong>Transferencias comerciales:<\/strong> si participamos o estamos involucrados en una fusi\u00f3n, adquisici\u00f3n, financiamiento, diligencia debida, reorganizaci\u00f3n, quiebra, liquidaci\u00f3n u otra venta o transferencia de activos, su informaci\u00f3n puede transferirse como parte de esa transacci\u00f3n.<\/li>\n\n\n\n<li><strong>Obligaciones legales:<\/strong> Podemos divulgar su informaci\u00f3n para cumplir con las leyes, regulaciones o procesos legales aplicables, o para responder a solicitudes legales.<\/li>\n<\/ul>\n\n<h3 class=\"wp-block-heading\">4. Seguridad de los datos<\/h3>\n\n<p>Tomamos medidas de seguridad razonables y adecuadas para proteger su informaci\u00f3n personal contra acceso, alteraci\u00f3n, divulgaci\u00f3n o destrucci\u00f3n no autorizados. Sin embargo, tenga en cuenta que ninguna transmisi\u00f3n o almacenamiento electr\u00f3nico de informaci\u00f3n es 100% seguro. No podemos garantizar la seguridad absoluta de sus datos.  <\/p>\n\n<h3 class=\"wp-block-heading\">5. Sus derechos y opciones<\/h3>\n\n<p>Dependiendo de su ubicaci\u00f3n y la legislaci\u00f3n aplicable, usted puede tener los siguientes derechos con respecto a sus datos personales:<\/p>\n\n<ul class=\"wp-block-list\">\n<li><strong>Acceso<\/strong> : Solicitar acceso a sus datos personales.<\/li>\n\n\n\n<li><strong>Correcci\u00f3n<\/strong> : Solicitar la correcci\u00f3n de datos personales inexactos.<\/li>\n\n\n\n<li><strong>Eliminaci\u00f3n<\/strong> : Solicitar la eliminaci\u00f3n de sus datos personales.<\/li>\n\n\n\n<li><strong>Objeci\u00f3n<\/strong> : Oponerse al tratamiento de sus datos personales bajo determinadas condiciones.<\/li>\n\n\n\n<li><strong>Portabilidad de datos<\/strong> : Solicitar la transferencia de sus datos personales a otra parte.<\/li>\n<\/ul>\n\n<p>Para ejercer cualquiera de estos derechos, cont\u00e1ctenos en  <strong>[Insert Contact Email Address]<\/strong>Es posible que solicitemos la verificaci\u00f3n de su identidad antes de responder a cualquier solicitud. <\/p>\n\n<h3 class=\"wp-block-heading\">6. Enlaces de terceros<\/h3>\n\n<p>Nuestro Sitio puede contener enlaces a otros sitios web que no son operados por nosotros. No somos responsables del contenido, las pr\u00e1cticas de privacidad o la seguridad de los sitios de terceros. Le recomendamos que revise las pol\u00edticas de privacidad de los sitios de terceros que visite.  <\/p>\n\n<h3 class=\"wp-block-heading\">7. Cambios a esta Pol\u00edtica de Privacidad<\/h3>\n\n<p>Es posible que actualicemos esta Pol\u00edtica de privacidad de vez en cuando para reflejar cambios en nuestras pr\u00e1cticas, tecnolog\u00edas, requisitos legales u otros factores. Cuando realicemos cambios, actualizaremos la \u00abFecha de vigencia\u00bb en la parte superior de esta pol\u00edtica. Le recomendamos que revise esta p\u00e1gina peri\u00f3dicamente para obtener la informaci\u00f3n m\u00e1s reciente sobre nuestras pr\u00e1cticas de privacidad.<\/p>\n\n<h3 class=\"wp-block-heading\">8. Cont\u00e1ctenos<\/h3>\n\n<p>Si tiene alguna pregunta o inquietud sobre esta Pol\u00edtica de privacidad o nuestras pr\u00e1cticas de datos, cont\u00e1ctenos a:<\/p>\n\n<p><strong>Precisi\u00f3n Xurui<\/strong><br\/> Correo electr\u00f3nico: [ <a href=\"mailto:xuruifactory@gmail.com\" target=\"_blank\" rel=\"noreferrer noopener\">xuruifactory@gmail.com<\/a> ]<\/p>\n\n<p><\/p>\n","protected":false},"excerpt":{"rendered":"<p>Xurui Precision se compromete a proteger la privacidad de los usuarios de nuestro sitio web. Esta Pol\u00edtica de privacidad explica c\u00f3mo recopilamos, usamos, divulgamos y salvaguardamos su informaci\u00f3n cuando visita nuestro sitio web, https:\/\/www.pogopin-probe.com . Lea atentamente esta pol\u00edtica para comprender nuestras opiniones y pr\u00e1cticas con respecto a sus datos personales y c\u00f3mo los trataremos. [&hellip;]<\/p>\n","protected":false},"author":1,"featured_media":0,"parent":0,"menu_order":0,"comment_status":"closed","ping_status":"closed","template":"","meta":{"site-sidebar-layout":"default","site-content-layout":"","ast-site-content-layout":"default","site-content-style":"default","site-sidebar-style":"default","ast-global-header-display":"","ast-banner-title-visibility":"","ast-main-header-display":"","ast-hfb-above-header-display":"","ast-hfb-below-header-display":"","ast-hfb-mobile-header-display":"","site-post-title":"","ast-breadcrumbs-content":"","ast-featured-img":"","footer-sml-layout":"","theme-transparent-header-meta":"","adv-header-id-meta":"","stick-header-meta":"","header-above-stick-meta":"","header-main-stick-meta":"","header-below-stick-meta":"","astra-migrate-meta-layouts":"default","ast-page-background-enabled":"default","ast-page-background-meta":{"desktop":{"background-color":"","background-image":"","background-repeat":"repeat","background-position":"center center","background-size":"auto","background-attachment":"scroll","background-type":"","background-media":"","overlay-type":"","overlay-color":"","overlay-opacity":"","overlay-gradient":""},"tablet":{"background-color":"","background-image":"","background-repeat":"repeat","background-position":"center center","background-size":"auto","background-attachment":"scroll","background-type":"","background-media":"","overlay-type":"","overlay-color":"","overlay-opacity":"","overlay-gradient":""},"mobile":{"background-color":"","background-image":"","background-repeat":"repeat","background-position":"center center","background-size":"auto","background-attachment":"scroll","background-type":"","background-media":"","overlay-type":"","overlay-color":"","overlay-opacity":"","overlay-gradient":""}},"ast-content-background-meta":{"desktop":{"background-color":"var(--ast-global-color-5)","background-image":"","background-repeat":"repeat","background-position":"center center","background-size":"auto","background-attachment":"scroll","background-type":"","background-media":"","overlay-type":"","overlay-color":"","overlay-opacity":"","overlay-gradient":""},"tablet":{"background-color":"var(--ast-global-color-5)","background-image":"","background-repeat":"repeat","background-position":"center center","background-size":"auto","background-attachment":"scroll","background-type":"","background-media":"","overlay-type":"","overlay-color":"","overlay-opacity":"","overlay-gradient":""},"mobile":{"background-color":"var(--ast-global-color-5)","background-image":"","background-repeat":"repeat","background-position":"center center","background-size":"auto","background-attachment":"scroll","background-type":"","background-media":"","overlay-type":"","overlay-color":"","overlay-opacity":"","overlay-gradient":""}},"footnotes":""},"class_list":["post-7625","page","type-page","status-publish","hentry"],"yoast_head":"<!-- This site is optimized with the Yoast SEO Premium plugin v25.8 (Yoast SEO v25.8) - https:\/\/yoast.com\/wordpress\/plugins\/seo\/ -->\n<title>pol\u00edtica de privacidad - Xurui<\/title>\n<meta name=\"robots\" content=\"index, follow, max-snippet:-1, max-image-preview:large, max-video-preview:-1\" \/>\n<link rel=\"canonical\" href=\"https:\/\/www.pogopin-probe.com\/es\/politica-de-privacidad\/\" \/>\n<meta property=\"og:locale\" content=\"es_ES\" \/>\n<meta property=\"og:type\" content=\"article\" \/>\n<meta property=\"og:title\" content=\"pol\u00edtica de privacidad\" \/>\n<meta property=\"og:description\" content=\"Xurui Precision se compromete a proteger la privacidad de los usuarios de nuestro sitio web. Esta Pol\u00edtica de privacidad explica c\u00f3mo recopilamos, usamos, divulgamos y salvaguardamos su informaci\u00f3n cuando visita nuestro sitio web, https:\/\/www.pogopin-probe.com . Lea atentamente esta pol\u00edtica para comprender nuestras opiniones y pr\u00e1cticas con respecto a sus datos personales y c\u00f3mo los trataremos. [&hellip;]\" \/>\n<meta property=\"og:url\" content=\"https:\/\/www.pogopin-probe.com\/es\/politica-de-privacidad\/\" \/>\n<meta property=\"og:site_name\" content=\"Xurui\" \/>\n<meta property=\"article:modified_time\" content=\"2025-02-22T17:04:26+00:00\" \/>\n<meta name=\"twitter:card\" content=\"summary_large_image\" \/>\n<meta name=\"twitter:label1\" content=\"Tiempo de lectura\" \/>\n\t<meta name=\"twitter:data1\" content=\"4 minutos\" \/>\n<script type=\"application\/ld+json\" class=\"yoast-schema-graph\">{\"@context\":\"https:\/\/schema.org\",\"@graph\":[{\"@type\":\"WebPage\",\"@id\":\"https:\/\/www.pogopin-probe.com\/es\/politica-de-privacidad\/\",\"url\":\"https:\/\/www.pogopin-probe.com\/es\/politica-de-privacidad\/\",\"name\":\"pol\u00edtica de privacidad - Xurui\",\"isPartOf\":{\"@id\":\"https:\/\/www.pogopin-probe.com\/es\/#website\"},\"datePublished\":\"2024-11-06T07:44:25+00:00\",\"dateModified\":\"2025-02-22T17:04:26+00:00\",\"breadcrumb\":{\"@id\":\"https:\/\/www.pogopin-probe.com\/es\/politica-de-privacidad\/#breadcrumb\"},\"inLanguage\":\"es\",\"potentialAction\":[{\"@type\":\"ReadAction\",\"target\":[\"https:\/\/www.pogopin-probe.com\/es\/politica-de-privacidad\/\"]}]},{\"@type\":\"BreadcrumbList\",\"@id\":\"https:\/\/www.pogopin-probe.com\/es\/politica-de-privacidad\/#breadcrumb\",\"itemListElement\":[{\"@type\":\"ListItem\",\"position\":1,\"name\":\"\u9996\u9875\",\"item\":\"https:\/\/www.pogopin-probe.com\/es\/pasador-pogo-pasador-con-resorte\/\"},{\"@type\":\"ListItem\",\"position\":2,\"name\":\"pol\u00edtica de privacidad\"}]},{\"@type\":\"WebSite\",\"@id\":\"https:\/\/www.pogopin-probe.com\/es\/#website\",\"url\":\"https:\/\/www.pogopin-probe.com\/es\/\",\"name\":\"pogopin-probe\",\"description\":\"Centrado en la I+D y fabricaci\u00f3n de conectores pin pogo y sondas de prueba.\",\"publisher\":{\"@id\":\"https:\/\/www.pogopin-probe.com\/es\/#organization\"},\"potentialAction\":[{\"@type\":\"SearchAction\",\"target\":{\"@type\":\"EntryPoint\",\"urlTemplate\":\"https:\/\/www.pogopin-probe.com\/es\/?s={search_term_string}\"},\"query-input\":{\"@type\":\"PropertyValueSpecification\",\"valueRequired\":true,\"valueName\":\"search_term_string\"}}],\"inLanguage\":\"es\"},{\"@type\":\"Organization\",\"@id\":\"https:\/\/www.pogopin-probe.com\/es\/#organization\",\"name\":\"Tecnolog\u00eda de precisi\u00f3n Xurui Co., Ltd.\",\"url\":\"https:\/\/www.pogopin-probe.com\/es\/\",\"logo\":{\"@type\":\"ImageObject\",\"inLanguage\":\"es\",\"@id\":\"https:\/\/www.pogopin-probe.com\/es\/#\/schema\/logo\/image\/\",\"url\":\"https:\/\/www.pogopin-probe.com\/wp-content\/uploads\/2024\/10\/wp-logo-black-1.webp\",\"contentUrl\":\"https:\/\/www.pogopin-probe.com\/wp-content\/uploads\/2024\/10\/wp-logo-black-1.webp\",\"width\":921,\"height\":271,\"caption\":\"Tecnolog\u00eda de precisi\u00f3n Xurui Co., Ltd.\"},\"image\":{\"@id\":\"https:\/\/www.pogopin-probe.com\/es\/#\/schema\/logo\/image\/\"}}]}<\/script>\n<!-- \/ Yoast SEO Premium plugin. -->","yoast_head_json":{"title":"pol\u00edtica de privacidad - Xurui","robots":{"index":"index","follow":"follow","max-snippet":"max-snippet:-1","max-image-preview":"max-image-preview:large","max-video-preview":"max-video-preview:-1"},"canonical":"https:\/\/www.pogopin-probe.com\/es\/politica-de-privacidad\/","og_locale":"es_ES","og_type":"article","og_title":"pol\u00edtica de privacidad","og_description":"Xurui Precision se compromete a proteger la privacidad de los usuarios de nuestro sitio web. Esta Pol\u00edtica de privacidad explica c\u00f3mo recopilamos, usamos, divulgamos y salvaguardamos su informaci\u00f3n cuando visita nuestro sitio web, https:\/\/www.pogopin-probe.com . Lea atentamente esta pol\u00edtica para comprender nuestras opiniones y pr\u00e1cticas con respecto a sus datos personales y c\u00f3mo los trataremos. [&hellip;]","og_url":"https:\/\/www.pogopin-probe.com\/es\/politica-de-privacidad\/","og_site_name":"Xurui","article_modified_time":"2025-02-22T17:04:26+00:00","twitter_card":"summary_large_image","twitter_misc":{"Tiempo de lectura":"4 minutos"},"schema":{"@context":"https:\/\/schema.org","@graph":[{"@type":"WebPage","@id":"https:\/\/www.pogopin-probe.com\/es\/politica-de-privacidad\/","url":"https:\/\/www.pogopin-probe.com\/es\/politica-de-privacidad\/","name":"pol\u00edtica de privacidad - Xurui","isPartOf":{"@id":"https:\/\/www.pogopin-probe.com\/es\/#website"},"datePublished":"2024-11-06T07:44:25+00:00","dateModified":"2025-02-22T17:04:26+00:00","breadcrumb":{"@id":"https:\/\/www.pogopin-probe.com\/es\/politica-de-privacidad\/#breadcrumb"},"inLanguage":"es","potentialAction":[{"@type":"ReadAction","target":["https:\/\/www.pogopin-probe.com\/es\/politica-de-privacidad\/"]}]},{"@type":"BreadcrumbList","@id":"https:\/\/www.pogopin-probe.com\/es\/politica-de-privacidad\/#breadcrumb","itemListElement":[{"@type":"ListItem","position":1,"name":"\u9996\u9875","item":"https:\/\/www.pogopin-probe.com\/es\/pasador-pogo-pasador-con-resorte\/"},{"@type":"ListItem","position":2,"name":"pol\u00edtica de privacidad"}]},{"@type":"WebSite","@id":"https:\/\/www.pogopin-probe.com\/es\/#website","url":"https:\/\/www.pogopin-probe.com\/es\/","name":"pogopin-probe","description":"Centrado en la I+D y fabricaci\u00f3n de conectores pin pogo y sondas de prueba.","publisher":{"@id":"https:\/\/www.pogopin-probe.com\/es\/#organization"},"potentialAction":[{"@type":"SearchAction","target":{"@type":"EntryPoint","urlTemplate":"https:\/\/www.pogopin-probe.com\/es\/?s={search_term_string}"},"query-input":{"@type":"PropertyValueSpecification","valueRequired":true,"valueName":"search_term_string"}}],"inLanguage":"es"},{"@type":"Organization","@id":"https:\/\/www.pogopin-probe.com\/es\/#organization","name":"Tecnolog\u00eda de precisi\u00f3n Xurui Co., Ltd.","url":"https:\/\/www.pogopin-probe.com\/es\/","logo":{"@type":"ImageObject","inLanguage":"es","@id":"https:\/\/www.pogopin-probe.com\/es\/#\/schema\/logo\/image\/","url":"https:\/\/www.pogopin-probe.com\/wp-content\/uploads\/2024\/10\/wp-logo-black-1.webp","contentUrl":"https:\/\/www.pogopin-probe.com\/wp-content\/uploads\/2024\/10\/wp-logo-black-1.webp","width":921,"height":271,"caption":"Tecnolog\u00eda de precisi\u00f3n Xurui Co., Ltd."},"image":{"@id":"https:\/\/www.pogopin-probe.com\/es\/#\/schema\/logo\/image\/"}}]}},"_links":{"self":[{"href":"https:\/\/www.pogopin-probe.com\/es\/wp-json\/wp\/v2\/pages\/7625","targetHints":{"allow":["GET"]}}],"collection":[{"href":"https:\/\/www.pogopin-probe.com\/es\/wp-json\/wp\/v2\/pages"}],"about":[{"href":"https:\/\/www.pogopin-probe.com\/es\/wp-json\/wp\/v2\/types\/page"}],"author":[{"embeddable":true,"href":"https:\/\/www.pogopin-probe.com\/es\/wp-json\/wp\/v2\/users\/1"}],"replies":[{"embeddable":true,"href":"https:\/\/www.pogopin-probe.com\/es\/wp-json\/wp\/v2\/comments?post=7625"}],"version-history":[{"count":0,"href":"https:\/\/www.pogopin-probe.com\/es\/wp-json\/wp\/v2\/pages\/7625\/revisions"}],"wp:attachment":[{"href":"https:\/\/www.pogopin-probe.com\/es\/wp-json\/wp\/v2\/media?parent=7625"}],"curies":[{"name":"wp","href":"https:\/\/api.w.org\/{rel}","templated":true}]}}